{"id":3904,"date":"2026-02-12T18:52:26","date_gmt":"2026-02-12T18:52:26","guid":{"rendered":"https:\/\/oostore.facomci.net\/legal-notice\/"},"modified":"2026-02-20T07:39:03","modified_gmt":"2026-02-20T07:39:03","slug":"legal-notice","status":"publish","type":"page","link":"https:\/\/oostore.facomci.net\/en\/legal-notice\/","title":{"rendered":"Legal notice"},"content":{"rendered":"\t\t<div data-elementor-type=\"wp-page\" data-elementor-id=\"3904\" class=\"elementor elementor-3904 elementor-2975\" data-elementor-post-type=\"page\">\n\t\t\t\t<div class=\"elementor-element elementor-element-a51e96b e-con-full e-flex e-con e-parent\" data-id=\"a51e96b\" data-element_type=\"container\" data-e-type=\"container\" data-settings=\"{&quot;background_background&quot;:&quot;classic&quot;}\">\n\t\t\t\t<div class=\"elementor-element elementor-element-0a926c4 elementor-widget-mobile__width-initial elementor-widget elementor-widget-heading\" data-id=\"0a926c4\" data-element_type=\"widget\" data-e-type=\"widget\" data-widget_type=\"heading.default\">\n\t\t\t\t\t<h2 class=\"elementor-heading-title elementor-size-default\">Legal notice<\/h2>\t\t\t\t<\/div>\n\t\t\t\t<\/div>\n\t\t<div class=\"elementor-element elementor-element-752954c1 e-flex e-con-boxed e-con e-parent\" data-id=\"752954c1\" data-element_type=\"container\" data-e-type=\"container\">\n\t\t\t\t\t<div class=\"e-con-inner\">\n\t\t\t\t<div class=\"elementor-element elementor-element-d860712 elementor-widget elementor-widget-text-editor\" data-id=\"d860712\" data-element_type=\"widget\" data-e-type=\"widget\" data-widget_type=\"text-editor.default\">\n\t\t\t\t\t\t\t\t\t<div class=\"container-element\"><div class=\"paragraph paragraph--1291 paragraph--type--text paragraph--view-mode--default container-width\"><div id=\"paragraph--1291\" class=\"paragraph-wrapper\"><div class=\"paragraph-content\"><div class=\"clearfix text-formatted field field--name-field-paragraph-text field--type-text-long field--label-hidden field__item\"><h2 class=\"section\">REGISTERED OFFICE<\/h2><h3><strong>Oo2 FRANCE<\/strong><\/h3><div><p>Oo2 SAS with share capital of \u20ac60,000<br>Registered 531 570 679 RCS Paris<br>NAF code: 8559A &#8211; Continuing education for adults<br>Training activity declaration registered under number 11756061575 with the Prefect of the \u00cele-de-France region<br>Datadock No. 0083655 &#8211; QUALIOPI certified No. B00325<br>VAT: &#8220;VAT exempt &#8211; Art. 261.4.4 of the French Tax Code&#8221;<br>D-U-N-S: 263038885<\/p><p>Addresses:<\/p><ul><li>Paris office: 128, Rue de la Bo\u00e9tie &#8211; 75008 Paris<\/li><li>Bordeaux office: 162 cours du Mar\u00e9chal Gallieni 33400 Talence<\/li><\/ul><p>Tel: +33 (0) 188 24 70 33 or +33 (0) 188 24 70 34<br>Email: contact@oo2.fr<\/p><p> <\/p><h2 class=\"normal\"><strong>Oo2 Belgium<\/strong><\/h2><p>Oo2 Formations SRL with share capital of \u20ac1,000<br>Rue de la Colonne 1A<br>1080 Brussels<br>Tel +32 28.08.51.75<br>Company\/VAT No.: BE1006.339.465<\/p><p> <\/p><\/div><h2 class=\"normal\"><strong>Oo2 Senegal<\/strong><\/h2><div>Oo2 S\u00e9n\u00e9gal SAS with share capital of 10,000,000 XOF<\/div><div>Trade register: SN DKR 7186\/B NINEA: 004392263-2Z2<\/div><div>Point-E, Building 713, 2nd floor<br>4313 All\u00e9es Seydou Nourou Tall<br>PO Box 45617 &#8211; DAKAR<\/div><div>Tel: (+221) 33 825 45 54 &#8211; 33 825 72 34<\/div><div>Email: contact@oo2.sn<\/div><div> <\/div><div><h2 class=\"normal\"><strong>Oo2 C\u00f4te d&#8217;Ivoire<\/strong><\/h2><div><p>Oo2 Formations SARL with share capital of XOF 10,000,000<br>PO Box 1163 &#8211; Abidjan 27<\/p><p>RCCM: CI-ABJ-2015-B-8910<\/p><ul><li>2 Plateaux Cocody office: Tel (+225) 27 225 03 445<\/li><li>Zone 4 office: Bd F\u00e9lix-Houphou\u00ebt-Boigny, Immeuble le Massa\u00ef. Tel (+225) 25 215 92 870 <\/li><\/ul><p>Email: contact@oo2.ci<\/p><h2 class=\"normal\"><strong>Oo2 Benin<\/strong><\/h2><p>Oo2 Formations SASU with share capital of XOF 1,000,000<br>1227, Av. du Gouverneur Van Vollen Hoven &#8211; Quartier Zongo 01<br>PO Box 1112 Cotonou<br>Tel: (+229) 69 25 89 89<br>Email: contact@oo2.bj<\/p><\/div><\/div><\/div><\/div><\/div><\/div><\/div><div class=\"container-element\"><div class=\"paragraph paragraph--1355 paragraph--type--text paragraph--view-mode--default container-width\"><div id=\"paragraph--1355\" class=\"paragraph-wrapper\"><div class=\"paragraph-content\"><div class=\"clearfix text-formatted field field--name-field-paragraph-text field--type-text-long field--label-hidden field__item\"><div>Publishing Director, Editor-in-Chief: E. SEYE<\/div><div>Hosting provider: OVH<\/div><div> <\/div><h2 class=\"section\">TERMS OF USE<\/h2><p>The information on this website is provided &#8220;as is&#8221; without warranties of any kind, either express or implied, including, without limitation, warranties that the products are merchantable, fit for a particular purpose, or do not infringe applicable regulations. However, if the laws of your country do not allow the exclusion of these implied warranties, the preceding paragraph does not apply. <\/p><p>The information on this website may contain technical inaccuracies or typographical errors. This information may be changed or updated without notice. Oo2 may also, at any time and without notice, make improvements and\/or changes to the products and\/or programs described on the site.  <\/p><p>Any comment or document sent to Oo2, such as questions, comments, suggestions, or anything related to the content of such documents, will be considered non-confidential. Oo2 is not subject to any obligation of any kind regarding such information and has the right to reproduce, use, disclose, modify, and create derivative works without restriction. In addition, Oo2 has the right to use the ideas, concepts, know-how, or techniques contained in such documents for any purpose whatsoever, including the development, manufacture, and marketing of products.  <\/p><p>Any information published by Oo2 on the World Wide Web may contain direct or indirect references to Oo2 products, programs, and services that are not announced or available in your country. Such references do not imply Oo2&#8217;s intention to sell these products, programs, or services in your country. Please contact your local Oo2 office or your Oo2 Business Partner for information about the products, programs, and services available in your area.  <\/p><p>Oo2 makes no commitment regarding any other site you may access via the Oo2 site.<\/p><p>It is expressly stated that Oo2 has no control over, and accepts no responsibility for, the content of sites not owned by Oo2.<\/p><p>Under no circumstances shall Oo2 be liable for any direct, indirect, or special damages resulting from the use of this website or other sites linked to it, including any financial or commercial loss, loss of programs or data in your information system, or otherwise, even if Oo2 has been advised of the possibility of such damages.<\/p><\/div><\/div><\/div><\/div><\/div>\t\t\t\t\t\t\t\t<\/div>\n\t\t\t\t\t<\/div>\n\t\t\t\t<\/div>\n\t\t\t\t<\/div>\n\t\t","protected":false},"excerpt":{"rendered":"<p>Legal notice REGISTERED OFFICE Oo2 FRANCE Oo2 SAS with share capital of \u20ac60,000Registered 531 570 679 RCS ParisNAF code: 8559A &#8211; Continuing education for adultsTraining activity declaration registered under number 11756061575 with the Prefect of the \u00cele-de-France regionDatadock No. 0083655 &#8211; QUALIOPI certified No. B00325VAT: &#8220;VAT exempt &#8211; Art. 261.4.4 of the French Tax Code&#8221;D-U-N-S: [&hellip;]<\/p>\n","protected":false},"author":1,"featured_media":0,"parent":0,"menu_order":0,"comment_status":"closed","ping_status":"closed","template":"","meta":{"footnotes":""},"class_list":["post-3904","page","type-page","status-publish","hentry"],"blocksy_meta":[],"_links":{"self":[{"href":"https:\/\/oostore.facomci.net\/en\/wp-json\/wp\/v2\/pages\/3904","targetHints":{"allow":["GET"]}}],"collection":[{"href":"https:\/\/oostore.facomci.net\/en\/wp-json\/wp\/v2\/pages"}],"about":[{"href":"https:\/\/oostore.facomci.net\/en\/wp-json\/wp\/v2\/types\/page"}],"author":[{"embeddable":true,"href":"https:\/\/oostore.facomci.net\/en\/wp-json\/wp\/v2\/users\/1"}],"replies":[{"embeddable":true,"href":"https:\/\/oostore.facomci.net\/en\/wp-json\/wp\/v2\/comments?post=3904"}],"version-history":[{"count":2,"href":"https:\/\/oostore.facomci.net\/en\/wp-json\/wp\/v2\/pages\/3904\/revisions"}],"predecessor-version":[{"id":4060,"href":"https:\/\/oostore.facomci.net\/en\/wp-json\/wp\/v2\/pages\/3904\/revisions\/4060"}],"wp:attachment":[{"href":"https:\/\/oostore.facomci.net\/en\/wp-json\/wp\/v2\/media?parent=3904"}],"curies":[{"name":"wp","href":"https:\/\/api.w.org\/{rel}","templated":true}]}}